{"id":76,"date":"2018-01-12T11:38:43","date_gmt":"2018-01-12T09:38:43","guid":{"rendered":"http:\/\/arunga-heiden.de\/wp\/?post_type=product&#038;p=76"},"modified":"2020-12-14T15:36:38","modified_gmt":"2020-12-14T13:36:38","slug":"cd-klangtraeume","status":"publish","type":"product","link":"https:\/\/arunga-heiden.de\/wp\/produkt\/cd-klangtraeume\/","title":{"rendered":"CD KlangTr\u00e4ume"},"content":{"rendered":"","protected":false},"excerpt":{"rendered":"<p>Klang-T-R\u00e4ume ist seit langem ein Herzenswunsch von mir. Seit \u00fcber 20 Jahren besch\u00e4ftige ich mich mit vorsprachlichen Formen von Gesang, mit den Kl\u00e4ngen der Chakren (Energiezentren des K\u00f6rpers), mit Obertongesang und der Wirkung von Lauten und Silben, die sozusagen eine Ur-Sprache der Menschen, vielleicht sogar aller Lebewesen bilden. Die Vokale und Lautsilben entfalten eine tiefe Wirkung auf K\u00f6rper und Seele und flie\u00dfen mit ihrem Klang direkt in jede Zelle ohne den Umweg \u00fcber den Kopf. Denn sobald wir Sprache h\u00f6ren, versuchen wir mit dem Kopf zu verstehen. So habe ich mit dieser CD ein Gewebe aus wortlosen Kl\u00e4ngen, Silben und Mustern gewoben, von dem ich mir w\u00fcnsche, dass es viele Menschen, Tiere und Pflanzen liebevoll umh\u00fcllt und st\u00e4rkt.<\/p>\n","protected":false},"featured_media":77,"comment_status":"closed","ping_status":"closed","template":"","meta":{"site-sidebar-layout":"default","site-content-layout":"default","ast-site-content-layout":"","site-content-style":"default","site-sidebar-style":"default","ast-global-header-display":"","ast-banner-title-visibility":"","ast-main-header-display":"","ast-hfb-above-header-display":"","ast-hfb-below-header-display":"","ast-hfb-mobile-header-display":"","site-post-title":"","ast-breadcrumbs-content":"","ast-featured-img":"","footer-sml-layout":"","theme-transparent-header-meta":"","adv-header-id-meta":"","stick-header-meta":"","header-above-stick-meta":"","header-main-stick-meta":"","header-below-stick-meta":"","astra-migrate-meta-layouts":"default","ast-page-background-enabled":"default","ast-page-background-meta":{"desktop":{"background-color":"","background-image":"","background-repeat":"repeat","background-position":"center center","background-size":"auto","background-attachment":"scroll","background-type":"","background-media":"","overlay-type":"","overlay-color":"","overlay-opacity":"","overlay-gradient":""},"tablet":{"background-color":"","background-image":"","background-repeat":"repeat","background-position":"center center","background-size":"auto","background-attachment":"scroll","background-type":"","background-media":"","overlay-type":"","overlay-color":"","overlay-opacity":"","overlay-gradient":""},"mobile":{"background-color":"","background-image":"","background-repeat":"repeat","background-position":"center center","background-size":"auto","background-attachment":"scroll","background-type":"","background-media":"","overlay-type":"","overlay-color":"","overlay-opacity":"","overlay-gradient":""}},"ast-content-background-meta":{"desktop":{"background-color":"var(--ast-global-color-5)","background-image":"","background-repeat":"repeat","background-position":"center center","background-size":"auto","background-attachment":"scroll","background-type":"","background-media":"","overlay-type":"","overlay-color":"","overlay-opacity":"","overlay-gradient":""},"tablet":{"background-color":"var(--ast-global-color-5)","background-image":"","background-repeat":"repeat","background-position":"center center","background-size":"auto","background-attachment":"scroll","background-type":"","background-media":"","overlay-type":"","overlay-color":"","overlay-opacity":"","overlay-gradient":""},"mobile":{"background-color":"var(--ast-global-color-5)","background-image":"","background-repeat":"repeat","background-position":"center center","background-size":"auto","background-attachment":"scroll","background-type":"","background-media":"","overlay-type":"","overlay-color":"","overlay-opacity":"","overlay-gradient":""}},"_links_to":"","_links_to_target":""},"product_brand":[],"product_cat":[44],"product_tag":[47],"class_list":{"0":"post-76","1":"product","2":"type-product","3":"status-publish","4":"has-post-thumbnail","6":"product_cat-heilsame-klaenge","7":"product_tag-heilsame-klaenge","8":"desktop-align-left","9":"tablet-align-left","10":"mobile-align-left","12":"first","13":"instock","14":"taxable","15":"shipping-taxable","16":"purchasable","17":"product-type-simple"},"_links":{"self":[{"href":"https:\/\/arunga-heiden.de\/wp\/wp-json\/wp\/v2\/product\/76","targetHints":{"allow":["GET"]}}],"collection":[{"href":"https:\/\/arunga-heiden.de\/wp\/wp-json\/wp\/v2\/product"}],"about":[{"href":"https:\/\/arunga-heiden.de\/wp\/wp-json\/wp\/v2\/types\/product"}],"replies":[{"embeddable":true,"href":"https:\/\/arunga-heiden.de\/wp\/wp-json\/wp\/v2\/comments?post=76"}],"version-history":[{"count":2,"href":"https:\/\/arunga-heiden.de\/wp\/wp-json\/wp\/v2\/product\/76\/revisions"}],"predecessor-version":[{"id":207,"href":"https:\/\/arunga-heiden.de\/wp\/wp-json\/wp\/v2\/product\/76\/revisions\/207"}],"wp:featuredmedia":[{"embeddable":true,"href":"https:\/\/arunga-heiden.de\/wp\/wp-json\/wp\/v2\/media\/77"}],"wp:attachment":[{"href":"https:\/\/arunga-heiden.de\/wp\/wp-json\/wp\/v2\/media?parent=76"}],"wp:term":[{"taxonomy":"product_brand","embeddable":true,"href":"https:\/\/arunga-heiden.de\/wp\/wp-json\/wp\/v2\/product_brand?post=76"},{"taxonomy":"product_cat","embeddable":true,"href":"https:\/\/arunga-heiden.de\/wp\/wp-json\/wp\/v2\/product_cat?post=76"},{"taxonomy":"product_tag","embeddable":true,"href":"https:\/\/arunga-heiden.de\/wp\/wp-json\/wp\/v2\/product_tag?post=76"}],"curies":[{"name":"wp","href":"https:\/\/api.w.org\/{rel}","templated":true}]}}